{"id":929,"date":"2015-07-02T15:44:56","date_gmt":"2015-07-02T15:44:56","guid":{"rendered":"http:\/\/ausdauerkraft.de\/ecology\/?page_id=929"},"modified":"2020-06-08T13:38:25","modified_gmt":"2020-06-08T13:38:25","slug":"novosti","status":"publish","type":"page","link":"https:\/\/ciak.hr\/ekologija\/novosti\/","title":{"rendered":"Novosti"},"content":{"rendered":"<p><div class=\"fusion-fullwidth fullwidth-box fusion-builder-row-1 nonhundred-percent-fullwidth non-hundred-percent-height-scrolling\" style=\"background-color: rgba(255,255,255,0);background-position: left top;background-repeat: no-repeat;padding-top:0px;padding-right:0px;padding-bottom:80px;padding-left:0px;margin-bottom: 0px;margin-top: -30px;border-width: 0px 0px 0px 0px;border-color:#eae9e9;border-style:solid;\" ><div class=\"fusion-builder-row fusion-row\"><div class=\"fusion-layout-column fusion_builder_column fusion-builder-column-0 fusion_builder_column_1_1 1_1 fusion-one-full fusion-column-first fusion-column-last fusion-column-no-min-height\" style=\"margin-top:0px;margin-bottom:0px;\"><div class=\"fusion-column-wrapper fusion-flex-column-wrapper-legacy\" style=\"background-position:left top;background-repeat:no-repeat;-webkit-background-size:cover;-moz-background-size:cover;-o-background-size:cover;background-size:cover;padding: 0px 0px 0px 0px;\"><div class=\"fusion-sep-clear\"><\/div><div class=\"fusion-separator fusion-full-width-sep\" style=\"margin-left: auto;margin-right: auto;width:100%;\"><div class=\"fusion-separator-border sep-single sep-solid\" style=\"border-color:#2c6643;border-top-width:5px;\"><\/div><\/div><div class=\"fusion-sep-clear\"><\/div><div class=\"fusion-clearfix\"><\/div><\/div><\/div><div class=\"fusion-layout-column fusion_builder_column fusion-builder-column-1 fusion_builder_column_1_1 1_1 fusion-one-full fusion-column-first fusion-column-last green-border rounded-border\" style=\"margin-top:0px;margin-bottom:45px;\"><div class=\"fusion-column-wrapper fusion-flex-column-wrapper-legacy\" style=\"background-position:left top;background-repeat:no-repeat;-webkit-background-size:cover;-moz-background-size:cover;-o-background-size:cover;background-size:cover;background-color:#ffffff;border:1px solid #e2e2e2;padding: 60px 60px 0px; 60px;\"><div class=\"fusion-recent-posts fusion-recent-posts-1 avada-container layout-default layout-columns-1\"><section class=\"fusion-columns columns fusion-columns-1 columns-1\"><article class=\"post fusion-column column col col-lg-12 col-md-12 col-sm-12\"><div class=\"recent-posts-content\"><span class=\"vcard\" style=\"display: none;\"><span class=\"fn\"><a href=\"https:\/\/ciak.hr\/ekologija\/author\/goran\/\" title=\"Posts by Goran\" rel=\"author\">Goran<\/a><\/span><\/span><span class=\"updated\" style=\"display:none;\">2026-04-16T11:56:05+00:00<\/span><h4 class=\"entry-title\"><a href=\"https:\/\/ciak.hr\/ekologija\/mreza-skupljanja-ambalaznog-otpada-za-2026-godinu\/\">MRE\u017dA SKUPLJANJA AMBALA\u017dNOG OTPADA ZA 2026. GODINU<\/a><\/h4><p class=\"meta\"><span class=\"vcard\" style=\"display: none;\"><span class=\"fn\"><a href=\"https:\/\/ciak.hr\/ekologija\/author\/goran\/\" title=\"Posts by Goran\" rel=\"author\">Goran<\/a><\/span><\/span><span class=\"updated\" style=\"display:none;\">2026-04-16T11:56:05+00:00<\/span><\/p><p> Po\u0161tovani poljoprivrednici, u tijeku je akcija skupljanja ambala\u017enog otpada sredstava za za\u0161titu bilja. Tvrtka C.I.A.K. je u suradnji s udrugom CROCPA izradila novi plan lokacija i [...]<\/p><\/div><\/article><article class=\"post fusion-column column col col-lg-12 col-md-12 col-sm-12\"><div class=\"fusion-flexslider fusion-flexslider-loading flexslider flexslider-hover-type-zoomin\"><ul class=\"slides\"><li><a href=\"https:\/\/ciak.hr\/ekologija\/mreza-skupljanja-ambalaznog-otpada-za-2025-godinu\/\" aria-label=\"MRE\u017dA SKUPLJANJA AMBALA\u017dNOG OTPADA ZA 2025. GODINU\" class=\"hover-type-zoomin\"><img decoding=\"async\" width=\"700\" height=\"441\" src=\"https:\/\/ciakgrupa.hr\/ekologija\/wp-content\/uploads\/2024\/04\/Skupljanje-ambalaznog-otpada2025-700x441.jpg\" class=\"attachment-recent-posts size-recent-posts\" alt=\"\" srcset=\"http:\/\/ciakgrupa.hr\/ekologija\/wp-content\/uploads\/2024\/04\/Skupljanje-ambalaznog-otpada2025-320x202.jpg 320w, http:\/\/ciakgrupa.hr\/ekologija\/wp-content\/uploads\/2024\/04\/Skupljanje-ambalaznog-otpada2025-700x441.jpg 700w, https:\/\/ciakgrupa.hr\/ekologija\/wp-content\/uploads\/2024\/04\/Skupljanje-ambalaznog-otpada2025.jpg 744w\" sizes=\"(max-width: 700px) 100vw, 700px\" \/><\/a><\/li><\/ul><\/div><div class=\"recent-posts-content\"><span class=\"vcard\" style=\"display: none;\"><span class=\"fn\"><a href=\"https:\/\/ciak.hr\/ekologija\/author\/goran\/\" title=\"Posts by Goran\" rel=\"author\">Goran<\/a><\/span><\/span><span class=\"updated\" style=\"display:none;\">2025-11-12T12:45:58+00:00<\/span><h4 class=\"entry-title\"><a href=\"https:\/\/ciak.hr\/ekologija\/mreza-skupljanja-ambalaznog-otpada-za-2025-godinu\/\">MRE\u017dA SKUPLJANJA AMBALA\u017dNOG OTPADA ZA 2025. GODINU<\/a><\/h4><p class=\"meta\"><span class=\"vcard\" style=\"display: none;\"><span class=\"fn\"><a href=\"https:\/\/ciak.hr\/ekologija\/author\/goran\/\" title=\"Posts by Goran\" rel=\"author\">Goran<\/a><\/span><\/span><span class=\"updated\" style=\"display:none;\">2025-11-12T12:45:58+00:00<\/span><\/p><p> Po\u0161tovani poljoprivrednici, u tijeku je akcija skupljanja ambala\u017enog otpada sredstava za za\u0161titu bilja. Tvrtka C.I.A.K. je u suradnji s udrugom CROCPA izradila\u00a0novi plan lokacija i termina [...]<\/p><\/div><\/article><article class=\"post fusion-column column col col-lg-12 col-md-12 col-sm-12\"><div class=\"fusion-flexslider fusion-flexslider-loading flexslider flexslider-hover-type-zoomin\"><ul class=\"slides\"><li><a href=\"https:\/\/ciak.hr\/ekologija\/mreza-skupljanja-ambalaznog-otpada-za-2025-godinu-2\/\" aria-label=\"MRE\u017dA SKUPLJANJA AMBALA\u017dNOG OTPADA ZA 2024. GODINU\" class=\"hover-type-zoomin\"><img decoding=\"async\" width=\"600\" height=\"417\" src=\"https:\/\/ciakgrupa.hr\/ekologija\/wp-content\/uploads\/2024\/04\/Ekologija-dabar-2024.jpg\" class=\"attachment-recent-posts size-recent-posts\" alt=\"\" srcset=\"http:\/\/ciakgrupa.hr\/ekologija\/wp-content\/uploads\/2024\/04\/Ekologija-dabar-2024-200x139.jpg 200w, http:\/\/ciakgrupa.hr\/ekologija\/wp-content\/uploads\/2024\/04\/Ekologija-dabar-2024-300x209.jpg 300w, http:\/\/ciakgrupa.hr\/ekologija\/wp-content\/uploads\/2024\/04\/Ekologija-dabar-2024-400x278.jpg 400w, https:\/\/ciakgrupa.hr\/ekologija\/wp-content\/uploads\/2024\/04\/Ekologija-dabar-2024.jpg 600w\" sizes=\"(max-width: 600px) 100vw, 600px\" \/><\/a><\/li><\/ul><\/div><div class=\"recent-posts-content\"><span class=\"vcard\" style=\"display: none;\"><span class=\"fn\"><a href=\"https:\/\/ciak.hr\/ekologija\/author\/goran\/\" title=\"Posts by Goran\" rel=\"author\">Goran<\/a><\/span><\/span><span class=\"updated\" style=\"display:none;\">2025-10-16T11:22:11+00:00<\/span><h4 class=\"entry-title\"><a href=\"https:\/\/ciak.hr\/ekologija\/mreza-skupljanja-ambalaznog-otpada-za-2025-godinu-2\/\">MRE\u017dA SKUPLJANJA AMBALA\u017dNOG OTPADA ZA 2024. GODINU<\/a><\/h4><p class=\"meta\"><span class=\"vcard\" style=\"display: none;\"><span class=\"fn\"><a href=\"https:\/\/ciak.hr\/ekologija\/author\/goran\/\" title=\"Posts by Goran\" rel=\"author\">Goran<\/a><\/span><\/span><span class=\"updated\" style=\"display:none;\">2025-10-16T11:22:11+00:00<\/span><\/p><p>Po\u0161tovani poljoprivrednici, u tijeku je akcija skupljanja ambala\u017enog otpada sredstava za za\u0161titu bilja. Tvrtka C.I.A.K. je u suradnji s udrugom CROCPA izradila\u00a0novi plan lokacija i termina preuzimanja [...]<\/p><\/div><\/article><article class=\"post fusion-column column col col-lg-12 col-md-12 col-sm-12\"><div class=\"fusion-flexslider fusion-flexslider-loading flexslider flexslider-hover-type-zoomin\"><ul class=\"slides\"><li><a href=\"https:\/\/ciak.hr\/ekologija\/mreza-skupljanja-ambalaznog-otpada-za-2023-godinu\/\" aria-label=\"MRE\u017dA SKUPLJANJA AMBALA\u017dNOG OTPADA ZA 2023. GODINU\" class=\"hover-type-zoomin\"><img decoding=\"async\" width=\"600\" height=\"417\" src=\"https:\/\/ciakgrupa.hr\/ekologija\/wp-content\/uploads\/2023\/04\/EKOLOGIJA_CiakGrupa-2023.jpg\" class=\"attachment-recent-posts size-recent-posts\" alt=\"\" srcset=\"http:\/\/ciakgrupa.hr\/ekologija\/wp-content\/uploads\/2023\/04\/EKOLOGIJA_CiakGrupa-2023-200x139.jpg 200w, http:\/\/ciakgrupa.hr\/ekologija\/wp-content\/uploads\/2023\/04\/EKOLOGIJA_CiakGrupa-2023-300x209.jpg 300w, http:\/\/ciakgrupa.hr\/ekologija\/wp-content\/uploads\/2023\/04\/EKOLOGIJA_CiakGrupa-2023-400x278.jpg 400w, https:\/\/ciakgrupa.hr\/ekologija\/wp-content\/uploads\/2023\/04\/EKOLOGIJA_CiakGrupa-2023.jpg 600w\" sizes=\"(max-width: 600px) 100vw, 600px\" \/><\/a><\/li><\/ul><\/div><div class=\"recent-posts-content\"><span class=\"vcard\" style=\"display: none;\"><span class=\"fn\"><a href=\"https:\/\/ciak.hr\/ekologija\/author\/goran\/\" title=\"Posts by Goran\" rel=\"author\">Goran<\/a><\/span><\/span><span class=\"updated\" style=\"display:none;\">2023-04-07T21:50:25+00:00<\/span><h4 class=\"entry-title\"><a href=\"https:\/\/ciak.hr\/ekologija\/mreza-skupljanja-ambalaznog-otpada-za-2023-godinu\/\">MRE\u017dA SKUPLJANJA AMBALA\u017dNOG OTPADA ZA 2023. GODINU<\/a><\/h4><p class=\"meta\"><span class=\"vcard\" style=\"display: none;\"><span class=\"fn\"><a href=\"https:\/\/ciak.hr\/ekologija\/author\/goran\/\" title=\"Posts by Goran\" rel=\"author\">Goran<\/a><\/span><\/span><span class=\"updated\" style=\"display:none;\">2023-04-07T21:50:25+00:00<\/span><\/p><p> Po\u0161tovani poljoprivrednici, u tijeku je akcija skupljanja ambala\u017enog otpada sredstava za za\u0161titu bilja. Tvrtka C.I.A.K. je u suradnji s udrugom CROCPA izradila\u00a0novi plan lokacija i termina [...]<\/p><\/div><\/article><article class=\"post fusion-column column col col-lg-12 col-md-12 col-sm-12\"><div class=\"fusion-flexslider fusion-flexslider-loading flexslider flexslider-hover-type-zoomin\"><ul class=\"slides\"><li><a href=\"https:\/\/ciak.hr\/ekologija\/mreza-skupljanja-ambalaznog-otpada-za-2020-godinu\/\" aria-label=\"MRE\u017dA SKUPLJANJA AMBALA\u017dNOG OTPADA ZA 2022. GODINU\" class=\"hover-type-zoomin\"><img decoding=\"async\" width=\"700\" height=\"441\" src=\"https:\/\/ciakgrupa.hr\/ekologija\/wp-content\/uploads\/2020\/07\/EKOLOGIJA_CiakGrupa_Skupljanje-ambalaznog-otpada-700x441.jpg\" class=\"attachment-recent-posts size-recent-posts\" alt=\"\" srcset=\"http:\/\/ciakgrupa.hr\/ekologija\/wp-content\/uploads\/2020\/07\/EKOLOGIJA_CiakGrupa_Skupljanje-ambalaznog-otpada-320x202.jpg 320w, http:\/\/ciakgrupa.hr\/ekologija\/wp-content\/uploads\/2020\/07\/EKOLOGIJA_CiakGrupa_Skupljanje-ambalaznog-otpada-700x441.jpg 700w, https:\/\/ciakgrupa.hr\/ekologija\/wp-content\/uploads\/2020\/07\/EKOLOGIJA_CiakGrupa_Skupljanje-ambalaznog-otpada.jpg 744w\" sizes=\"(max-width: 700px) 100vw, 700px\" \/><\/a><\/li><\/ul><\/div><div class=\"recent-posts-content\"><span class=\"vcard\" style=\"display: none;\"><span class=\"fn\"><a href=\"https:\/\/ciak.hr\/ekologija\/author\/goran\/\" title=\"Posts by Goran\" rel=\"author\">Goran<\/a><\/span><\/span><span class=\"updated\" style=\"display:none;\">2022-10-31T13:09:34+00:00<\/span><h4 class=\"entry-title\"><a href=\"https:\/\/ciak.hr\/ekologija\/mreza-skupljanja-ambalaznog-otpada-za-2020-godinu\/\">MRE\u017dA SKUPLJANJA AMBALA\u017dNOG OTPADA ZA 2022. GODINU<\/a><\/h4><p class=\"meta\"><span class=\"vcard\" style=\"display: none;\"><span class=\"fn\"><a href=\"https:\/\/ciak.hr\/ekologija\/author\/goran\/\" title=\"Posts by Goran\" rel=\"author\">Goran<\/a><\/span><\/span><span class=\"updated\" style=\"display:none;\">2022-10-31T13:09:34+00:00<\/span><\/p><p> Po\u0161tovani poljoprivrednici, u tijeku je akcija skupljanja ambala\u017enog otpada sredstava za za\u0161titu bilja. Tvrtka C.I.A.K. je u suradnji s udrugom CROCPA izradila\u00a0novi plan lokacija i termina [...]<\/p><\/div><\/article><article class=\"post fusion-column column col col-lg-12 col-md-12 col-sm-12\"><div class=\"fusion-flexslider fusion-flexslider-loading flexslider flexslider-hover-type-zoomin\"><ul class=\"slides\"><li><a href=\"https:\/\/ciak.hr\/ekologija\/mreza-skupljanja-ambalaznog-otpada-lipanj-srpanj-2020\/\" aria-label=\"MRE\u017dA SKUPLJANJA AMBALA\u017dNOG OTPADA lipanj \u2013 srpanj 2020.\" class=\"hover-type-zoomin\"><img decoding=\"async\" width=\"700\" height=\"441\" src=\"https:\/\/ciakgrupa.hr\/ekologija\/wp-content\/uploads\/2020\/06\/ciak-crocpa-700x441.jpg\" class=\"attachment-recent-posts size-recent-posts\" alt=\"\" srcset=\"http:\/\/ciakgrupa.hr\/ekologija\/wp-content\/uploads\/2020\/06\/ciak-crocpa-320x202.jpg 320w, http:\/\/ciakgrupa.hr\/ekologija\/wp-content\/uploads\/2020\/06\/ciak-crocpa-700x441.jpg 700w, https:\/\/ciakgrupa.hr\/ekologija\/wp-content\/uploads\/2020\/06\/ciak-crocpa.jpg 744w\" sizes=\"(max-width: 700px) 100vw, 700px\" \/><\/a><\/li><\/ul><\/div><div class=\"recent-posts-content\"><span class=\"vcard\" style=\"display: none;\"><span class=\"fn\"><a href=\"https:\/\/ciak.hr\/ekologija\/author\/goran\/\" title=\"Posts by Goran\" rel=\"author\">Goran<\/a><\/span><\/span><span class=\"updated\" style=\"display:none;\">2020-06-08T13:17:23+00:00<\/span><h4 class=\"entry-title\"><a href=\"https:\/\/ciak.hr\/ekologija\/mreza-skupljanja-ambalaznog-otpada-lipanj-srpanj-2020\/\">MRE\u017dA SKUPLJANJA AMBALA\u017dNOG OTPADA lipanj \u2013 srpanj 2020.<\/a><\/h4><p class=\"meta\"><span class=\"vcard\" style=\"display: none;\"><span class=\"fn\"><a href=\"https:\/\/ciak.hr\/ekologija\/author\/goran\/\" title=\"Posts by Goran\" rel=\"author\">Goran<\/a><\/span><\/span><span class=\"updated\" style=\"display:none;\">2020-06-08T13:17:23+00:00<\/span><\/p><p> Po\u0161tovani poljoprivrednici, u tijeku je akcija skupljanja ambala\u017enog otpada sredstava za za\u0161titu bilja. Tvrtka C.I.A.K. je u suradnji s udrugom CROCPA izradila novi plan lokacija i [...]<\/p><\/div><\/article><\/section><\/div><div class=\"fusion-clearfix\"><\/div><\/div><\/div><\/div><\/div><div class=\"fusion-fullwidth fullwidth-box fusion-builder-row-2 nonhundred-percent-fullwidth non-hundred-percent-height-scrolling\" style=\"background-color: #ffffff;background-position: left top;background-repeat: repeat;background-blend-mode: overlay;padding-top:90px;padding-right:0px;padding-bottom:40px;padding-left:0px;margin-bottom: 0px;margin-top: 0px;border-width: 1px 0px 1px 0px;border-color:#e2e2e2;border-style:solid;\" ><div class=\"fusion-builder-row fusion-row\"><div class=\"fusion-layout-column fusion_builder_column fusion-builder-column-2 fusion_builder_column_1_1 1_1 fusion-one-full fusion-column-first fusion-column-last fusion-column-no-min-height\" style=\"margin-top:0px;margin-bottom:0px;\"><div class=\"fusion-column-wrapper fusion-flex-column-wrapper-legacy\" style=\"background-position:left top;background-blend-mode: overlay;background-repeat:no-repeat;-webkit-background-size:cover;-moz-background-size:cover;-o-background-size:cover;background-size:cover;padding: 0px 0px 0px 0px;\"><style type=\"text\/css\">@media only screen and (max-width:850px) {.fusion-title.fusion-title-1{margin-top:!important;margin-bottom:20px!important;}}<\/style><div class=\"fusion-title title fusion-title-1 fusion-title-center fusion-title-text fusion-title-size-two\" style=\"margin-top:0px;margin-right:0px;margin-bottom:20px;margin-left:0px;\"><div class=\"title-sep-container title-sep-container-left\"><div class=\"title-sep sep-\" style=\"border-color:#e0dede;\"><\/div><\/div><span class=\"awb-title-spacer\"><\/span><h2 class=\"title-heading-center\" style=\"margin:0;\"><p style=\"text-align: center;\">KLIJENTI<\/p><\/h2><span class=\"awb-title-spacer\"><\/span><div class=\"title-sep-container title-sep-container-right\"><div class=\"title-sep sep-\" style=\"border-color:#e0dede;\"><\/div><\/div><\/div><div class=\"fusion-sep-clear\"><\/div><div class=\"fusion-separator\" style=\"margin-left: auto;margin-right: auto;margin-top:15px;margin-bottom:30px;width:100%;max-width:170px;\"><div class=\"fusion-separator-border sep-single sep-solid\" style=\"border-color:#dfdddd;border-top-width:1px;\"><\/div><\/div><div class=\"fusion-sep-clear\"><\/div><div class=\"fusion-text fusion-text-1\"><p style=\"text-align: center;\">Na\u0161e usluge koristi preko 2.000 hrvatskih kompanija. Me\u0111u na\u0161im zadovoljnim klijentima nalaze se Pliva, INA, Belupo, JANAF, Podravka, HEP, General Electrics, HAC, HS Produkt, \u0110uro \u0110akovi\u0107, Kon\u010dar, Hospira, Kvasac, Genera, Brodotrogir i Brodosplit. Ponosni smo nosioci brojnih koncesija i me\u0111unarodnih licenci.<\/p>\n<\/div><div class=\"fusion-image-carousel fusion-image-carousel-auto fusion-image-carousel-1 fusion-carousel-border\"><div class=\"fusion-carousel\" data-autoplay=\"yes\" data-columns=\"6\" data-itemmargin=\"8\" data-itemwidth=\"180\" data-touchscroll=\"no\" data-imagesize=\"auto\"><div class=\"fusion-carousel-positioner\"><ul class=\"fusion-carousel-holder\"><li class=\"fusion-carousel-item\"><div class=\"fusion-carousel-item-wrapper\"><div class=\"fusion-image-wrapper hover-type-zoomin\"><img decoding=\"async\" width=\"182\" height=\"80\" src=\"https:\/\/ciakgrupa.hr\/ekologija\/wp-content\/uploads\/2020\/05\/bel.jpg\" class=\"attachment-full size-full\" alt=\"\" \/><\/div><\/div><\/li><li class=\"fusion-carousel-item\"><div class=\"fusion-carousel-item-wrapper\"><div class=\"fusion-image-wrapper hover-type-zoomin\"><img decoding=\"async\" width=\"182\" height=\"80\" src=\"https:\/\/ciakgrupa.hr\/ekologija\/wp-content\/uploads\/2020\/05\/bs.jpg\" class=\"attachment-full size-full\" alt=\"\" \/><\/div><\/div><\/li><li class=\"fusion-carousel-item\"><div class=\"fusion-carousel-item-wrapper\"><div class=\"fusion-image-wrapper hover-type-zoomin\"><img decoding=\"async\" width=\"182\" height=\"80\" src=\"https:\/\/ciakgrupa.hr\/ekologija\/wp-content\/uploads\/2020\/05\/bt.jpg\" class=\"attachment-full size-full\" alt=\"\" \/><\/div><\/div><\/li><li class=\"fusion-carousel-item\"><div class=\"fusion-carousel-item-wrapper\"><div class=\"fusion-image-wrapper hover-type-zoomin\"><img decoding=\"async\" width=\"182\" height=\"80\" src=\"https:\/\/ciakgrupa.hr\/ekologija\/wp-content\/uploads\/2020\/05\/dd.jpg\" class=\"attachment-full size-full\" alt=\"\" \/><\/div><\/div><\/li><li class=\"fusion-carousel-item\"><div class=\"fusion-carousel-item-wrapper\"><div class=\"fusion-image-wrapper hover-type-zoomin\"><img decoding=\"async\" width=\"182\" height=\"80\" src=\"https:\/\/ciakgrupa.hr\/ekologija\/wp-content\/uploads\/2020\/05\/ge.jpg\" class=\"attachment-full size-full\" alt=\"\" \/><\/div><\/div><\/li><li class=\"fusion-carousel-item\"><div class=\"fusion-carousel-item-wrapper\"><div class=\"fusion-image-wrapper hover-type-zoomin\"><img decoding=\"async\" width=\"182\" height=\"80\" src=\"https:\/\/ciakgrupa.hr\/ekologija\/wp-content\/uploads\/2020\/05\/gen.jpg\" class=\"attachment-full size-full\" alt=\"\" \/><\/div><\/div><\/li><li class=\"fusion-carousel-item\"><div class=\"fusion-carousel-item-wrapper\"><div class=\"fusion-image-wrapper hover-type-zoomin\"><img decoding=\"async\" width=\"182\" height=\"80\" src=\"https:\/\/ciakgrupa.hr\/ekologija\/wp-content\/uploads\/2020\/05\/ha.jpg\" class=\"attachment-full size-full\" alt=\"\" \/><\/div><\/div><\/li><li class=\"fusion-carousel-item\"><div class=\"fusion-carousel-item-wrapper\"><div class=\"fusion-image-wrapper hover-type-zoomin\"><img decoding=\"async\" width=\"182\" height=\"80\" src=\"https:\/\/ciakgrupa.hr\/ekologija\/wp-content\/uploads\/2020\/05\/he.jpg\" class=\"attachment-full size-full\" alt=\"\" \/><\/div><\/div><\/li><li class=\"fusion-carousel-item\"><div class=\"fusion-carousel-item-wrapper\"><div class=\"fusion-image-wrapper hover-type-zoomin\"><img decoding=\"async\" width=\"182\" height=\"80\" src=\"https:\/\/ciakgrupa.hr\/ekologija\/wp-content\/uploads\/2020\/05\/ho.jpg\" class=\"attachment-full size-full\" alt=\"\" \/><\/div><\/div><\/li><li class=\"fusion-carousel-item\"><div class=\"fusion-carousel-item-wrapper\"><div class=\"fusion-image-wrapper hover-type-zoomin\"><img decoding=\"async\" width=\"182\" height=\"80\" src=\"https:\/\/ciakgrupa.hr\/ekologija\/wp-content\/uploads\/2020\/05\/hs.jpg\" class=\"attachment-full size-full\" alt=\"\" \/><\/div><\/div><\/li><li class=\"fusion-carousel-item\"><div class=\"fusion-carousel-item-wrapper\"><div class=\"fusion-image-wrapper hover-type-zoomin\"><img decoding=\"async\" width=\"182\" height=\"80\" src=\"https:\/\/ciakgrupa.hr\/ekologija\/wp-content\/uploads\/2020\/05\/in.jpg\" class=\"attachment-full size-full\" alt=\"\" \/><\/div><\/div><\/li><li class=\"fusion-carousel-item\"><div class=\"fusion-carousel-item-wrapper\"><div class=\"fusion-image-wrapper hover-type-zoomin\"><img decoding=\"async\" width=\"182\" height=\"80\" src=\"https:\/\/ciakgrupa.hr\/ekologija\/wp-content\/uploads\/2020\/05\/ja.jpg\" class=\"attachment-full size-full\" alt=\"\" \/><\/div><\/div><\/li><li class=\"fusion-carousel-item\"><div class=\"fusion-carousel-item-wrapper\"><div class=\"fusion-image-wrapper hover-type-zoomin\"><img decoding=\"async\" width=\"182\" height=\"80\" src=\"https:\/\/ciakgrupa.hr\/ekologija\/wp-content\/uploads\/2020\/05\/kon.jpg\" class=\"attachment-full size-full\" alt=\"\" \/><\/div><\/div><\/li><li class=\"fusion-carousel-item\"><div class=\"fusion-carousel-item-wrapper\"><div class=\"fusion-image-wrapper hover-type-zoomin\"><img decoding=\"async\" width=\"182\" height=\"80\" src=\"https:\/\/ciakgrupa.hr\/ekologija\/wp-content\/uploads\/2020\/05\/kv.jpg\" class=\"attachment-full size-full\" alt=\"\" \/><\/div><\/div><\/li><li class=\"fusion-carousel-item\"><div class=\"fusion-carousel-item-wrapper\"><div class=\"fusion-image-wrapper hover-type-zoomin\"><img decoding=\"async\" width=\"182\" height=\"80\" src=\"https:\/\/ciakgrupa.hr\/ekologija\/wp-content\/uploads\/2020\/05\/pl.jpg\" class=\"attachment-full size-full\" alt=\"\" \/><\/div><\/div><\/li><li class=\"fusion-carousel-item\"><div class=\"fusion-carousel-item-wrapper\"><div class=\"fusion-image-wrapper hover-type-zoomin\"><img decoding=\"async\" width=\"182\" height=\"80\" src=\"https:\/\/ciakgrupa.hr\/ekologija\/wp-content\/uploads\/2020\/05\/pod.jpg\" class=\"attachment-full size-full\" alt=\"\" \/><\/div><\/div><\/li><li class=\"fusion-carousel-item\"><div class=\"fusion-carousel-item-wrapper\"><div class=\"fusion-image-wrapper hover-type-zoomin\"><img decoding=\"async\" width=\"182\" height=\"80\" src=\"https:\/\/ciakgrupa.hr\/ekologija\/wp-content\/uploads\/2020\/05\/va.jpg\" class=\"attachment-full size-full\" alt=\"\" \/><\/div><\/div><\/li><\/ul><div class=\"fusion-carousel-nav\"><button class=\"fusion-nav-prev awb-icon-left\" aria-label=\"Previous\"><\/button><button class=\"fusion-nav-next awb-icon-right\" aria-label=\"Next\"><\/button><\/div><\/div><\/div><\/div><div class=\"fusion-sep-clear\"><\/div><div class=\"fusion-separator fusion-full-width-sep\" style=\"margin-left: auto;margin-right: auto;margin-top:30px;width:100%;\"><\/div><div class=\"fusion-sep-clear\"><\/div><div class=\"fusion-clearfix\"><\/div><\/div><\/div><\/div><\/div>\n<\/p>\n","protected":false},"excerpt":{"rendered":"","protected":false},"author":1,"featured_media":0,"parent":0,"menu_order":0,"comment_status":"closed","ping_status":"open","template":"100-width.php","meta":{"footnotes":""},"_links":{"self":[{"href":"https:\/\/ciak.hr\/ekologija\/wp-json\/wp\/v2\/pages\/929"}],"collection":[{"href":"https:\/\/ciak.hr\/ekologija\/wp-json\/wp\/v2\/pages"}],"about":[{"href":"https:\/\/ciak.hr\/ekologija\/wp-json\/wp\/v2\/types\/page"}],"author":[{"embeddable":true,"href":"https:\/\/ciak.hr\/ekologija\/wp-json\/wp\/v2\/users\/1"}],"replies":[{"embeddable":true,"href":"https:\/\/ciak.hr\/ekologija\/wp-json\/wp\/v2\/comments?post=929"}],"version-history":[{"count":11,"href":"https:\/\/ciak.hr\/ekologija\/wp-json\/wp\/v2\/pages\/929\/revisions"}],"predecessor-version":[{"id":2611,"href":"https:\/\/ciak.hr\/ekologija\/wp-json\/wp\/v2\/pages\/929\/revisions\/2611"}],"wp:attachment":[{"href":"https:\/\/ciak.hr\/ekologija\/wp-json\/wp\/v2\/media?parent=929"}],"curies":[{"name":"wp","href":"https:\/\/api.w.org\/{rel}","templated":true}]}}